{"id":876,"date":"2022-11-28T11:53:07","date_gmt":"2022-11-28T10:53:07","guid":{"rendered":"https:\/\/marketsandmore.de\/?page_id=876"},"modified":"2022-11-29T11:33:48","modified_gmt":"2022-11-29T10:33:48","slug":"indien","status":"publish","type":"page","link":"https:\/\/marketsandmore.de\/en\/indien\/","title":{"rendered":"India"},"content":{"rendered":"<p>For about three years, Yvonne Julia Metzger headed the Liaison Office Germany of BVMW India, Foreign Trade Department of the Federal Association of Medium-Sized Businesses e.V. and brought together entrepreneurs from various industries as an agent of the Association of the Hamburg Metropolitan Region (BVMW Federal Association of Medium-Sized Businesses, Entrepreneurs Association of Germany e.V.). In 2016, she founded the world's first Indo-German Medical Forum, an association of companies from the medical technology, pharmaceutical and biotechnology industries.<\/p>\n<p>She covered more than 5,000 kilometers across the country on her first trip to India. Afterwards, she conducted several business trips with companies to India, appeared as a keynote speaker at events and managed a large international team for a pharmaceutical company in the north of the country for several weeks. Several years of professional experience abroad, among others at the German-Dutch Chamber of Commerce, as well as the almost daily contact with domestic and foreign business partners are strong pillars for her activities until today.<\/p>\n<p>On behalf of the<a href=\"https:\/\/www.cgihamburg.gov.in\/\" target=\"_blank\" rel=\"noopener\"> Consulate General of India in Hamburg<\/a> Yvonne Julia Metzger has published the study<a href=\"http:\/\/marketsandmore.de\/wp-content\/uploads\/2022\/11\/Vocational-Training_FINAL.pdf\" target=\"_blank\" rel=\"noopener\">Skill India - Scope of Expansion of Vocational Training Partnership between India &amp; Germany. Economic and intercultural opportunities for knowledge &amp; workforce transfer\"<\/a>Right and copyright of the study remain with the Indian government. The study was initiated by the Ministry of External Affairs, Department of Investment &amp; Technology, New Delhi. The publication date is January 2018.<\/p>\n<p>markets and more cooperates with Don Bosco Mondo e.V. (based in Bonn). The association is committed to helping particularly disadvantaged children and young people worldwide. The aim is to fight poverty and promote development through education. In India, for example, there are several projects in which street children and children from the poorest families are given access to education. The focus is on vocational training. The company also sponsors DEWI SARASWATI e.V. (based in Hamburg).<\/p>\n<p><img decoding=\"async\" class=\"size-medium wp-image-888 alignright\" src=\"http:\/\/marketsandmore.de\/wp-content\/uploads\/2022\/11\/Del.-und-EEPC-1.jpg\" alt=\"\" width=\"100%\" height=\"auto\" \/><\/p>","protected":false},"excerpt":{"rendered":"<p>Yvonne Julia Metzger leitete rund drei Jahre lang das Verbindungsb\u00fcro Deutschland des BVMW Indien, Au\u00dfenwirtschaftsabteilung des Bundesverbandes f\u00fcr mittelst\u00e4ndische Wirtschaft e.V. und brachte als Beauftragte des Verbandes der Metropolregion Hamburg Unternehmer aus verschiedenen Branchen zusammen (BVMW Bundesverband mittelst\u00e4ndische Wirtschaft, Unternehmerverband Deutschlands e.V.). 2016 gr\u00fcndete sie das erste Indo-German Medical Forum weltweit, ein Zusammenschluss von Unternehmen [&hellip;]<\/p>\n","protected":false},"author":3,"featured_media":0,"parent":0,"menu_order":0,"comment_status":"closed","ping_status":"closed","template":"","meta":{"_acf_changed":false,"footnotes":""},"class_list":["post-876","page","type-page","status-publish","hentry"],"acf":[],"yoast_head":"<!-- This site is optimized with the Yoast SEO plugin v27.2 - https:\/\/yoast.com\/product\/yoast-seo-wordpress\/ -->\n<title>Indien &#187; markets and more<\/title>\n<meta name=\"description\" content=\"Indien bietet f\u00fcr deutsche Unternehmen sehr gute wirtschaftliche Chancen. Yvonne Julia Metzger leitete rund drei Jahre lang das Verbindungsb\u00fcro Deutschland des BVMW Indien\" \/>\n<meta name=\"robots\" content=\"index, follow, max-snippet:-1, max-image-preview:large, max-video-preview:-1\" \/>\n<link rel=\"canonical\" href=\"https:\/\/marketsandmore.de\/en\/indien\/\" \/>\n<meta property=\"og:locale\" content=\"en_GB\" \/>\n<meta property=\"og:type\" content=\"article\" \/>\n<meta property=\"og:title\" content=\"Indien &#187; markets and more\" \/>\n<meta property=\"og:description\" content=\"Indien bietet f\u00fcr deutsche Unternehmen sehr gute wirtschaftliche Chancen. Yvonne Julia Metzger leitete rund drei Jahre lang das Verbindungsb\u00fcro Deutschland des BVMW Indien\" \/>\n<meta property=\"og:url\" content=\"https:\/\/marketsandmore.de\/en\/indien\/\" \/>\n<meta property=\"og:site_name\" content=\"markets and more\" \/>\n<meta property=\"article:modified_time\" content=\"2022-11-29T10:33:48+00:00\" \/>\n<meta property=\"og:image\" content=\"http:\/\/marketsandmore.de\/wp-content\/uploads\/2022\/11\/Del.-und-EEPC-1.jpg\" \/>\n<meta name=\"twitter:card\" content=\"summary_large_image\" \/>\n<meta name=\"twitter:label1\" content=\"Estimated reading time\" \/>\n\t<meta name=\"twitter:data1\" content=\"2 minutes\" \/>\n<script type=\"application\/ld+json\" class=\"yoast-schema-graph\">{\"@context\":\"https:\/\/schema.org\",\"@graph\":[{\"@type\":\"WebPage\",\"@id\":\"https:\/\/marketsandmore.de\/indien\/\",\"url\":\"https:\/\/marketsandmore.de\/indien\/\",\"name\":\"Indien &#187; markets and more\",\"isPartOf\":{\"@id\":\"https:\/\/marketsandmore.de\/#website\"},\"primaryImageOfPage\":{\"@id\":\"https:\/\/marketsandmore.de\/indien\/#primaryimage\"},\"image\":{\"@id\":\"https:\/\/marketsandmore.de\/indien\/#primaryimage\"},\"thumbnailUrl\":\"http:\/\/marketsandmore.de\/wp-content\/uploads\/2022\/11\/Del.-und-EEPC-1.jpg\",\"datePublished\":\"2022-11-28T10:53:07+00:00\",\"dateModified\":\"2022-11-29T10:33:48+00:00\",\"description\":\"Indien bietet f\u00fcr deutsche Unternehmen sehr gute wirtschaftliche Chancen. Yvonne Julia Metzger leitete rund drei Jahre lang das Verbindungsb\u00fcro Deutschland des BVMW Indien\",\"breadcrumb\":{\"@id\":\"https:\/\/marketsandmore.de\/indien\/#breadcrumb\"},\"inLanguage\":\"en-GB\",\"potentialAction\":[{\"@type\":\"ReadAction\",\"target\":[\"https:\/\/marketsandmore.de\/indien\/\"]}]},{\"@type\":\"ImageObject\",\"inLanguage\":\"en-GB\",\"@id\":\"https:\/\/marketsandmore.de\/indien\/#primaryimage\",\"url\":\"http:\/\/marketsandmore.de\/wp-content\/uploads\/2022\/11\/Del.-und-EEPC-1.jpg\",\"contentUrl\":\"http:\/\/marketsandmore.de\/wp-content\/uploads\/2022\/11\/Del.-und-EEPC-1.jpg\"},{\"@type\":\"BreadcrumbList\",\"@id\":\"https:\/\/marketsandmore.de\/indien\/#breadcrumb\",\"itemListElement\":[{\"@type\":\"ListItem\",\"position\":1,\"name\":\"Startseite\",\"item\":\"https:\/\/marketsandmore.de\/\"},{\"@type\":\"ListItem\",\"position\":2,\"name\":\"Indien\"}]},{\"@type\":\"WebSite\",\"@id\":\"https:\/\/marketsandmore.de\/#website\",\"url\":\"https:\/\/marketsandmore.de\/\",\"name\":\"markets and more\",\"description\":\"\",\"publisher\":{\"@id\":\"https:\/\/marketsandmore.de\/#organization\"},\"potentialAction\":[{\"@type\":\"SearchAction\",\"target\":{\"@type\":\"EntryPoint\",\"urlTemplate\":\"https:\/\/marketsandmore.de\/?s={search_term_string}\"},\"query-input\":{\"@type\":\"PropertyValueSpecification\",\"valueRequired\":true,\"valueName\":\"search_term_string\"}}],\"inLanguage\":\"en-GB\"},{\"@type\":\"Organization\",\"@id\":\"https:\/\/marketsandmore.de\/#organization\",\"name\":\"marketsandmore\",\"url\":\"https:\/\/marketsandmore.de\/\",\"logo\":{\"@type\":\"ImageObject\",\"inLanguage\":\"en-GB\",\"@id\":\"https:\/\/marketsandmore.de\/#\/schema\/logo\/image\/\",\"url\":\"http:\/\/marketsandmore.de\/wp-content\/uploads\/2022\/10\/marketsandmore.png\",\"contentUrl\":\"http:\/\/marketsandmore.de\/wp-content\/uploads\/2022\/10\/marketsandmore.png\",\"width\":500,\"height\":226,\"caption\":\"marketsandmore\"},\"image\":{\"@id\":\"https:\/\/marketsandmore.de\/#\/schema\/logo\/image\/\"}}]}<\/script>\n<!-- \/ Yoast SEO plugin. -->","yoast_head_json":{"title":"Indien &#187; markets and more","description":"Indien bietet f\u00fcr deutsche Unternehmen sehr gute wirtschaftliche Chancen. Yvonne Julia Metzger leitete rund drei Jahre lang das Verbindungsb\u00fcro Deutschland des BVMW Indien","robots":{"index":"index","follow":"follow","max-snippet":"max-snippet:-1","max-image-preview":"max-image-preview:large","max-video-preview":"max-video-preview:-1"},"canonical":"https:\/\/marketsandmore.de\/en\/indien\/","og_locale":"en_GB","og_type":"article","og_title":"Indien &#187; markets and more","og_description":"Indien bietet f\u00fcr deutsche Unternehmen sehr gute wirtschaftliche Chancen. Yvonne Julia Metzger leitete rund drei Jahre lang das Verbindungsb\u00fcro Deutschland des BVMW Indien","og_url":"https:\/\/marketsandmore.de\/en\/indien\/","og_site_name":"markets and more","article_modified_time":"2022-11-29T10:33:48+00:00","og_image":[{"url":"http:\/\/marketsandmore.de\/wp-content\/uploads\/2022\/11\/Del.-und-EEPC-1.jpg","type":"","width":"","height":""}],"twitter_card":"summary_large_image","twitter_misc":{"Estimated reading time":"2 minutes"},"schema":{"@context":"https:\/\/schema.org","@graph":[{"@type":"WebPage","@id":"https:\/\/marketsandmore.de\/indien\/","url":"https:\/\/marketsandmore.de\/indien\/","name":"Indien &#187; markets and more","isPartOf":{"@id":"https:\/\/marketsandmore.de\/#website"},"primaryImageOfPage":{"@id":"https:\/\/marketsandmore.de\/indien\/#primaryimage"},"image":{"@id":"https:\/\/marketsandmore.de\/indien\/#primaryimage"},"thumbnailUrl":"http:\/\/marketsandmore.de\/wp-content\/uploads\/2022\/11\/Del.-und-EEPC-1.jpg","datePublished":"2022-11-28T10:53:07+00:00","dateModified":"2022-11-29T10:33:48+00:00","description":"Indien bietet f\u00fcr deutsche Unternehmen sehr gute wirtschaftliche Chancen. Yvonne Julia Metzger leitete rund drei Jahre lang das Verbindungsb\u00fcro Deutschland des BVMW Indien","breadcrumb":{"@id":"https:\/\/marketsandmore.de\/indien\/#breadcrumb"},"inLanguage":"en-GB","potentialAction":[{"@type":"ReadAction","target":["https:\/\/marketsandmore.de\/indien\/"]}]},{"@type":"ImageObject","inLanguage":"en-GB","@id":"https:\/\/marketsandmore.de\/indien\/#primaryimage","url":"http:\/\/marketsandmore.de\/wp-content\/uploads\/2022\/11\/Del.-und-EEPC-1.jpg","contentUrl":"http:\/\/marketsandmore.de\/wp-content\/uploads\/2022\/11\/Del.-und-EEPC-1.jpg"},{"@type":"BreadcrumbList","@id":"https:\/\/marketsandmore.de\/indien\/#breadcrumb","itemListElement":[{"@type":"ListItem","position":1,"name":"Startseite","item":"https:\/\/marketsandmore.de\/"},{"@type":"ListItem","position":2,"name":"Indien"}]},{"@type":"WebSite","@id":"https:\/\/marketsandmore.de\/#website","url":"https:\/\/marketsandmore.de\/","name":"markets and more","description":"","publisher":{"@id":"https:\/\/marketsandmore.de\/#organization"},"potentialAction":[{"@type":"SearchAction","target":{"@type":"EntryPoint","urlTemplate":"https:\/\/marketsandmore.de\/?s={search_term_string}"},"query-input":{"@type":"PropertyValueSpecification","valueRequired":true,"valueName":"search_term_string"}}],"inLanguage":"en-GB"},{"@type":"Organization","@id":"https:\/\/marketsandmore.de\/#organization","name":"marketsandmore","url":"https:\/\/marketsandmore.de\/","logo":{"@type":"ImageObject","inLanguage":"en-GB","@id":"https:\/\/marketsandmore.de\/#\/schema\/logo\/image\/","url":"http:\/\/marketsandmore.de\/wp-content\/uploads\/2022\/10\/marketsandmore.png","contentUrl":"http:\/\/marketsandmore.de\/wp-content\/uploads\/2022\/10\/marketsandmore.png","width":500,"height":226,"caption":"marketsandmore"},"image":{"@id":"https:\/\/marketsandmore.de\/#\/schema\/logo\/image\/"}}]}},"_links":{"self":[{"href":"https:\/\/marketsandmore.de\/en\/wp-json\/wp\/v2\/pages\/876","targetHints":{"allow":["GET"]}}],"collection":[{"href":"https:\/\/marketsandmore.de\/en\/wp-json\/wp\/v2\/pages"}],"about":[{"href":"https:\/\/marketsandmore.de\/en\/wp-json\/wp\/v2\/types\/page"}],"author":[{"embeddable":true,"href":"https:\/\/marketsandmore.de\/en\/wp-json\/wp\/v2\/users\/3"}],"replies":[{"embeddable":true,"href":"https:\/\/marketsandmore.de\/en\/wp-json\/wp\/v2\/comments?post=876"}],"version-history":[{"count":10,"href":"https:\/\/marketsandmore.de\/en\/wp-json\/wp\/v2\/pages\/876\/revisions"}],"predecessor-version":[{"id":891,"href":"https:\/\/marketsandmore.de\/en\/wp-json\/wp\/v2\/pages\/876\/revisions\/891"}],"wp:attachment":[{"href":"https:\/\/marketsandmore.de\/en\/wp-json\/wp\/v2\/media?parent=876"}],"curies":[{"name":"wp","href":"https:\/\/api.w.org\/{rel}","templated":true}]}}