{"id":789,"date":"2022-11-14T12:48:49","date_gmt":"2022-11-14T11:48:49","guid":{"rendered":"http:\/\/marketsandmore.de\/?page_id=789"},"modified":"2024-06-24T08:41:19","modified_gmt":"2024-06-24T06:41:19","slug":"loesungen","status":"publish","type":"page","link":"https:\/\/marketsandmore.de\/en\/loesungen\/","title":{"rendered":"Solutions"},"content":{"rendered":"<h3>Regulatory &amp; Medical Affairs<\/h3>\n<p>Do you need to make your product ready for the medical device market? \nDo you need support when it comes to design transfer and serial production?\nWe are ready to take responsibility to realize production and product approval under MDR and other regulations.<\/p>\n<h4>R&amp;D \/ F&amp;E<\/h4>\n<ul>\n<li>strategic leadership &amp; operation<\/li>\n<li>Marketing, Product Placement, Product claims, market entry strategy, markets and competition analysis, market and product launch<\/li>\n<\/ul>\n<h4>Regulatory &amp; Medical Affairs<\/h4>\n<p>Preparation of Technical Documentation and Quality Management System (QMA) according to<\/p>\n<ul>\n<li>Medical Device Regulation (<a href=\"https:\/\/eur-lex.europa.eu\/legal-content\/DE\/TXT\/?uri=CELEX%3A32017R0745\" target=\"_blank\" rel=\"noopener\">MDR<\/a>, 2017\/745\/EU)<\/li>\n<li>In-Vitro-Diagnostika (IVDR, 217\/746\/EU)<\/li>\n<li>QSR (21 CFR 820)<\/li>\n<\/ul>\n<p>As a result, you receive a complete dossier of the Technical Documentation and a well working QMS- System and your CE-conformity \/ FDA clearance.<\/p>\n<p>All solutions are provided separately or as combination \u2013 this is your decision!<\/p>\n<hr \/>\n<h3>Project Management<\/h3>\n<p>Fast comprehension, flexible operation and target-oriented strategy \u2013 markets and more offers experience, know-how and strategic support within the following business areas:<\/p>\n<p>We offer experience, know-how and strategic support in the following business fields:<\/p>\n<ul>\n<li>Operation in specified projects<\/li>\n<li>Support with quality management processes<\/li>\n<li>Concepts and instruments for the optimization of internal company processes<\/li>\n<li>Concept, instrument analysis and evaluation of business structures and processes<\/li>\n<\/ul>","protected":false},"excerpt":{"rendered":"<p>Regulatory &amp; Medical Affairs M\u00f6chten Sie Ihr Produkt startklar f\u00fcr den medizinischen Markt machen? Ben\u00f6tigen Sie Unterst\u00fctzung, wenn es um Design Transfer und Serienproduktion geht? Wir \u00fcbernehmen Verantwortung f\u00fcr Ihren Produktionsstart und die Zulassung unter MDR und anderen Regularien. R&amp;D\/ F&amp;E Strategische Leitung &amp; operative Umsetzung Marketing, Produkt Konzeption, Produktanforderungen, Markteintrittsstrategien, Markt- &amp;Wettbewerbsanalyse, Markt und [&hellip;]<\/p>\n","protected":false},"author":3,"featured_media":0,"parent":0,"menu_order":0,"comment_status":"closed","ping_status":"closed","template":"","meta":{"_acf_changed":false,"footnotes":""},"class_list":["post-789","page","type-page","status-publish","hentry"],"acf":[],"yoast_head":"<!-- This site is optimized with the Yoast SEO plugin v27.2 - https:\/\/yoast.com\/product\/yoast-seo-wordpress\/ -->\n<title>L\u00f6sungen &#187; markets and more<\/title>\n<meta name=\"description\" content=\"Unsere L\u00f6sungen. Wir \u00fcbernehmen Verantwortung f\u00fcr Ihren Produktionsstart und die Zulassung unter MDR und anderen Regularien.\" \/>\n<meta name=\"robots\" content=\"index, follow, max-snippet:-1, max-image-preview:large, max-video-preview:-1\" \/>\n<link rel=\"canonical\" href=\"https:\/\/marketsandmore.de\/en\/loesungen\/\" \/>\n<meta property=\"og:locale\" content=\"en_GB\" \/>\n<meta property=\"og:type\" content=\"article\" \/>\n<meta property=\"og:title\" content=\"L\u00f6sungen &#187; markets and more\" \/>\n<meta property=\"og:description\" content=\"Unsere L\u00f6sungen. Wir \u00fcbernehmen Verantwortung f\u00fcr Ihren Produktionsstart und die Zulassung unter MDR und anderen Regularien.\" \/>\n<meta property=\"og:url\" content=\"https:\/\/marketsandmore.de\/en\/loesungen\/\" \/>\n<meta property=\"og:site_name\" content=\"markets and more\" \/>\n<meta property=\"article:modified_time\" content=\"2024-06-24T06:41:19+00:00\" \/>\n<meta name=\"twitter:card\" content=\"summary_large_image\" \/>\n<meta name=\"twitter:label1\" content=\"Estimated reading time\" \/>\n\t<meta name=\"twitter:data1\" content=\"2 minutes\" \/>\n<script type=\"application\/ld+json\" class=\"yoast-schema-graph\">{\"@context\":\"https:\/\/schema.org\",\"@graph\":[{\"@type\":\"WebPage\",\"@id\":\"https:\/\/marketsandmore.de\/loesungen\/\",\"url\":\"https:\/\/marketsandmore.de\/loesungen\/\",\"name\":\"L\u00f6sungen &#187; markets and more\",\"isPartOf\":{\"@id\":\"https:\/\/marketsandmore.de\/#website\"},\"datePublished\":\"2022-11-14T11:48:49+00:00\",\"dateModified\":\"2024-06-24T06:41:19+00:00\",\"description\":\"Unsere L\u00f6sungen. Wir \u00fcbernehmen Verantwortung f\u00fcr Ihren Produktionsstart und die Zulassung unter MDR und anderen Regularien.\",\"breadcrumb\":{\"@id\":\"https:\/\/marketsandmore.de\/loesungen\/#breadcrumb\"},\"inLanguage\":\"en-GB\",\"potentialAction\":[{\"@type\":\"ReadAction\",\"target\":[\"https:\/\/marketsandmore.de\/loesungen\/\"]}]},{\"@type\":\"BreadcrumbList\",\"@id\":\"https:\/\/marketsandmore.de\/loesungen\/#breadcrumb\",\"itemListElement\":[{\"@type\":\"ListItem\",\"position\":1,\"name\":\"Startseite\",\"item\":\"https:\/\/marketsandmore.de\/\"},{\"@type\":\"ListItem\",\"position\":2,\"name\":\"L\u00f6sungen\"}]},{\"@type\":\"WebSite\",\"@id\":\"https:\/\/marketsandmore.de\/#website\",\"url\":\"https:\/\/marketsandmore.de\/\",\"name\":\"markets and more\",\"description\":\"\",\"publisher\":{\"@id\":\"https:\/\/marketsandmore.de\/#organization\"},\"potentialAction\":[{\"@type\":\"SearchAction\",\"target\":{\"@type\":\"EntryPoint\",\"urlTemplate\":\"https:\/\/marketsandmore.de\/?s={search_term_string}\"},\"query-input\":{\"@type\":\"PropertyValueSpecification\",\"valueRequired\":true,\"valueName\":\"search_term_string\"}}],\"inLanguage\":\"en-GB\"},{\"@type\":\"Organization\",\"@id\":\"https:\/\/marketsandmore.de\/#organization\",\"name\":\"marketsandmore\",\"url\":\"https:\/\/marketsandmore.de\/\",\"logo\":{\"@type\":\"ImageObject\",\"inLanguage\":\"en-GB\",\"@id\":\"https:\/\/marketsandmore.de\/#\/schema\/logo\/image\/\",\"url\":\"http:\/\/marketsandmore.de\/wp-content\/uploads\/2022\/10\/marketsandmore.png\",\"contentUrl\":\"http:\/\/marketsandmore.de\/wp-content\/uploads\/2022\/10\/marketsandmore.png\",\"width\":500,\"height\":226,\"caption\":\"marketsandmore\"},\"image\":{\"@id\":\"https:\/\/marketsandmore.de\/#\/schema\/logo\/image\/\"}}]}<\/script>\n<!-- \/ Yoast SEO plugin. -->","yoast_head_json":{"title":"L\u00f6sungen &#187; markets and more","description":"Unsere L\u00f6sungen. Wir \u00fcbernehmen Verantwortung f\u00fcr Ihren Produktionsstart und die Zulassung unter MDR und anderen Regularien.","robots":{"index":"index","follow":"follow","max-snippet":"max-snippet:-1","max-image-preview":"max-image-preview:large","max-video-preview":"max-video-preview:-1"},"canonical":"https:\/\/marketsandmore.de\/en\/loesungen\/","og_locale":"en_GB","og_type":"article","og_title":"L\u00f6sungen &#187; markets and more","og_description":"Unsere L\u00f6sungen. Wir \u00fcbernehmen Verantwortung f\u00fcr Ihren Produktionsstart und die Zulassung unter MDR und anderen Regularien.","og_url":"https:\/\/marketsandmore.de\/en\/loesungen\/","og_site_name":"markets and more","article_modified_time":"2024-06-24T06:41:19+00:00","twitter_card":"summary_large_image","twitter_misc":{"Estimated reading time":"2 minutes"},"schema":{"@context":"https:\/\/schema.org","@graph":[{"@type":"WebPage","@id":"https:\/\/marketsandmore.de\/loesungen\/","url":"https:\/\/marketsandmore.de\/loesungen\/","name":"L\u00f6sungen &#187; markets and more","isPartOf":{"@id":"https:\/\/marketsandmore.de\/#website"},"datePublished":"2022-11-14T11:48:49+00:00","dateModified":"2024-06-24T06:41:19+00:00","description":"Unsere L\u00f6sungen. Wir \u00fcbernehmen Verantwortung f\u00fcr Ihren Produktionsstart und die Zulassung unter MDR und anderen Regularien.","breadcrumb":{"@id":"https:\/\/marketsandmore.de\/loesungen\/#breadcrumb"},"inLanguage":"en-GB","potentialAction":[{"@type":"ReadAction","target":["https:\/\/marketsandmore.de\/loesungen\/"]}]},{"@type":"BreadcrumbList","@id":"https:\/\/marketsandmore.de\/loesungen\/#breadcrumb","itemListElement":[{"@type":"ListItem","position":1,"name":"Startseite","item":"https:\/\/marketsandmore.de\/"},{"@type":"ListItem","position":2,"name":"L\u00f6sungen"}]},{"@type":"WebSite","@id":"https:\/\/marketsandmore.de\/#website","url":"https:\/\/marketsandmore.de\/","name":"markets and more","description":"","publisher":{"@id":"https:\/\/marketsandmore.de\/#organization"},"potentialAction":[{"@type":"SearchAction","target":{"@type":"EntryPoint","urlTemplate":"https:\/\/marketsandmore.de\/?s={search_term_string}"},"query-input":{"@type":"PropertyValueSpecification","valueRequired":true,"valueName":"search_term_string"}}],"inLanguage":"en-GB"},{"@type":"Organization","@id":"https:\/\/marketsandmore.de\/#organization","name":"marketsandmore","url":"https:\/\/marketsandmore.de\/","logo":{"@type":"ImageObject","inLanguage":"en-GB","@id":"https:\/\/marketsandmore.de\/#\/schema\/logo\/image\/","url":"http:\/\/marketsandmore.de\/wp-content\/uploads\/2022\/10\/marketsandmore.png","contentUrl":"http:\/\/marketsandmore.de\/wp-content\/uploads\/2022\/10\/marketsandmore.png","width":500,"height":226,"caption":"marketsandmore"},"image":{"@id":"https:\/\/marketsandmore.de\/#\/schema\/logo\/image\/"}}]}},"_links":{"self":[{"href":"https:\/\/marketsandmore.de\/en\/wp-json\/wp\/v2\/pages\/789","targetHints":{"allow":["GET"]}}],"collection":[{"href":"https:\/\/marketsandmore.de\/en\/wp-json\/wp\/v2\/pages"}],"about":[{"href":"https:\/\/marketsandmore.de\/en\/wp-json\/wp\/v2\/types\/page"}],"author":[{"embeddable":true,"href":"https:\/\/marketsandmore.de\/en\/wp-json\/wp\/v2\/users\/3"}],"replies":[{"embeddable":true,"href":"https:\/\/marketsandmore.de\/en\/wp-json\/wp\/v2\/comments?post=789"}],"version-history":[{"count":21,"href":"https:\/\/marketsandmore.de\/en\/wp-json\/wp\/v2\/pages\/789\/revisions"}],"predecessor-version":[{"id":909,"href":"https:\/\/marketsandmore.de\/en\/wp-json\/wp\/v2\/pages\/789\/revisions\/909"}],"wp:attachment":[{"href":"https:\/\/marketsandmore.de\/en\/wp-json\/wp\/v2\/media?parent=789"}],"curies":[{"name":"wp","href":"https:\/\/api.w.org\/{rel}","templated":true}]}}