{"id":663,"date":"2022-10-19T19:45:00","date_gmt":"2022-10-19T17:45:00","guid":{"rendered":"http:\/\/marketsandmore.de\/?page_id=663"},"modified":"2022-11-22T15:08:15","modified_gmt":"2022-11-22T14:08:15","slug":"ueber-uns","status":"publish","type":"page","link":"https:\/\/marketsandmore.de\/en\/ueber-uns\/","title":{"rendered":"About us"},"content":{"rendered":"<p>As business owner of markets and more, Yvonne Julia Metzger is successful as an international interim, project, regulatory &amp; medical affairs manager as well as a strategic consultant in medical technology.  <\/p>\n<p>Several years of professional experience abroad, numerous successful product approvals and company management on the international stage (for several years mainly in India and The Netherlands) form strong pillars for the company growth of markets and more. <\/p>\n<p>markets and more provides you structured and lasting support. Not at least, your company profits from our broad and strong business network of dealers, distributors, multiplicators and biological Research &amp; Development institutes.<\/p>\n<ul>\n<li>Medicin &amp; Medical Technology<\/li>\n<li>Regulatory Affairs<\/li>\n<li>Technical development<\/li>\n<li>Project Management<\/li>\n<li>Marketing <\/li>\n<li>Market Research<\/li>\n<li>Business Development<\/li>\n<li>Bioengineering<\/li>\n<\/ul>\n<p>markets and more provides you structured and lasting support. Not at least, your company profits from our broad and strong business network of dealers, distributors, multiplicators and biological Research &amp; Development institutes. <\/p>\n<p>For companies from Europe, markets and more is a strong partner for product development and all necessary steps to make your product ready for the market. <\/p>\n<p>For companies from outside Europe, markets and more is a successful gateway to enter the European market for medical devices.<br \/>\nYou may benefit from low hierarchies with fast decisions, our great network, and our global view. <\/p>","protected":false},"excerpt":{"rendered":"<p>Als Gesch\u00e4ftsinhaberin von markets and more ist Yvonne Julia Metzger als internationale Interim, Projekt, Regulatory &#038; Medical Affairs Managerin sowie als strategische Beraterin in der Medizintechnik erfolgreich. Mehrj\u00e4hrige Berufserfahrung im Ausland, zahlreiche erfolgreich durchgef\u00fchrte Produktzulassungen und Unternehmensmanagement auf internationalem Parkett (\u00fcber mehrere Jahre schwerpunktm\u00e4\u00dfig in Indien und den Niederlanden) bilden starke S\u00e4ulen f\u00fcr das Unternehmenswachstum [&hellip;]<\/p>\n","protected":false},"author":3,"featured_media":0,"parent":0,"menu_order":0,"comment_status":"closed","ping_status":"closed","template":"","meta":{"_acf_changed":false,"footnotes":""},"class_list":["post-663","page","type-page","status-publish","hentry"],"acf":[],"yoast_head":"<!-- This site is optimized with the Yoast SEO plugin v27.2 - https:\/\/yoast.com\/product\/yoast-seo-wordpress\/ -->\n<title>\u00dcber uns &#187; markets and more<\/title>\n<meta name=\"description\" content=\"Als Gesch\u00e4ftsinhaberin von markets and more ist Yvonne Julia Metzger als internationale Interim, Projekt, Regulatory &amp; Medical Affairs Managerin sowie als strategische Beraterin in der Medizintechnik erfolgreich.\" \/>\n<meta name=\"robots\" content=\"index, follow, max-snippet:-1, max-image-preview:large, max-video-preview:-1\" \/>\n<link rel=\"canonical\" href=\"https:\/\/marketsandmore.de\/en\/ueber-uns\/\" \/>\n<meta property=\"og:locale\" content=\"en_GB\" \/>\n<meta property=\"og:type\" content=\"article\" \/>\n<meta property=\"og:title\" content=\"\u00dcber uns &#187; markets and more\" \/>\n<meta property=\"og:description\" content=\"Als Gesch\u00e4ftsinhaberin von markets and more ist Yvonne Julia Metzger als internationale Interim, Projekt, Regulatory &amp; Medical Affairs Managerin sowie als strategische Beraterin in der Medizintechnik erfolgreich.\" \/>\n<meta property=\"og:url\" content=\"https:\/\/marketsandmore.de\/en\/ueber-uns\/\" \/>\n<meta property=\"og:site_name\" content=\"markets and more\" \/>\n<meta property=\"article:modified_time\" content=\"2022-11-22T14:08:15+00:00\" \/>\n<meta name=\"twitter:card\" content=\"summary_large_image\" \/>\n<meta name=\"twitter:label1\" content=\"Estimated reading time\" \/>\n\t<meta name=\"twitter:data1\" content=\"1 minute\" \/>\n<script type=\"application\/ld+json\" class=\"yoast-schema-graph\">{\"@context\":\"https:\/\/schema.org\",\"@graph\":[{\"@type\":\"WebPage\",\"@id\":\"https:\/\/marketsandmore.de\/ueber-uns\/\",\"url\":\"https:\/\/marketsandmore.de\/ueber-uns\/\",\"name\":\"\u00dcber uns &#187; markets and more\",\"isPartOf\":{\"@id\":\"https:\/\/marketsandmore.de\/#website\"},\"datePublished\":\"2022-10-19T17:45:00+00:00\",\"dateModified\":\"2022-11-22T14:08:15+00:00\",\"description\":\"Als Gesch\u00e4ftsinhaberin von markets and more ist Yvonne Julia Metzger als internationale Interim, Projekt, Regulatory & Medical Affairs Managerin sowie als strategische Beraterin in der Medizintechnik erfolgreich.\",\"breadcrumb\":{\"@id\":\"https:\/\/marketsandmore.de\/ueber-uns\/#breadcrumb\"},\"inLanguage\":\"en-GB\",\"potentialAction\":[{\"@type\":\"ReadAction\",\"target\":[\"https:\/\/marketsandmore.de\/ueber-uns\/\"]}]},{\"@type\":\"BreadcrumbList\",\"@id\":\"https:\/\/marketsandmore.de\/ueber-uns\/#breadcrumb\",\"itemListElement\":[{\"@type\":\"ListItem\",\"position\":1,\"name\":\"Startseite\",\"item\":\"https:\/\/marketsandmore.de\/\"},{\"@type\":\"ListItem\",\"position\":2,\"name\":\"\u00dcber uns\"}]},{\"@type\":\"WebSite\",\"@id\":\"https:\/\/marketsandmore.de\/#website\",\"url\":\"https:\/\/marketsandmore.de\/\",\"name\":\"markets and more\",\"description\":\"\",\"publisher\":{\"@id\":\"https:\/\/marketsandmore.de\/#organization\"},\"potentialAction\":[{\"@type\":\"SearchAction\",\"target\":{\"@type\":\"EntryPoint\",\"urlTemplate\":\"https:\/\/marketsandmore.de\/?s={search_term_string}\"},\"query-input\":{\"@type\":\"PropertyValueSpecification\",\"valueRequired\":true,\"valueName\":\"search_term_string\"}}],\"inLanguage\":\"en-GB\"},{\"@type\":\"Organization\",\"@id\":\"https:\/\/marketsandmore.de\/#organization\",\"name\":\"marketsandmore\",\"url\":\"https:\/\/marketsandmore.de\/\",\"logo\":{\"@type\":\"ImageObject\",\"inLanguage\":\"en-GB\",\"@id\":\"https:\/\/marketsandmore.de\/#\/schema\/logo\/image\/\",\"url\":\"http:\/\/marketsandmore.de\/wp-content\/uploads\/2022\/10\/marketsandmore.png\",\"contentUrl\":\"http:\/\/marketsandmore.de\/wp-content\/uploads\/2022\/10\/marketsandmore.png\",\"width\":500,\"height\":226,\"caption\":\"marketsandmore\"},\"image\":{\"@id\":\"https:\/\/marketsandmore.de\/#\/schema\/logo\/image\/\"}}]}<\/script>\n<!-- \/ Yoast SEO plugin. -->","yoast_head_json":{"title":"\u00dcber uns &#187; markets and more","description":"Als Gesch\u00e4ftsinhaberin von markets and more ist Yvonne Julia Metzger als internationale Interim, Projekt, Regulatory & Medical Affairs Managerin sowie als strategische Beraterin in der Medizintechnik erfolgreich.","robots":{"index":"index","follow":"follow","max-snippet":"max-snippet:-1","max-image-preview":"max-image-preview:large","max-video-preview":"max-video-preview:-1"},"canonical":"https:\/\/marketsandmore.de\/en\/ueber-uns\/","og_locale":"en_GB","og_type":"article","og_title":"\u00dcber uns &#187; markets and more","og_description":"Als Gesch\u00e4ftsinhaberin von markets and more ist Yvonne Julia Metzger als internationale Interim, Projekt, Regulatory & Medical Affairs Managerin sowie als strategische Beraterin in der Medizintechnik erfolgreich.","og_url":"https:\/\/marketsandmore.de\/en\/ueber-uns\/","og_site_name":"markets and more","article_modified_time":"2022-11-22T14:08:15+00:00","twitter_card":"summary_large_image","twitter_misc":{"Estimated reading time":"1 minute"},"schema":{"@context":"https:\/\/schema.org","@graph":[{"@type":"WebPage","@id":"https:\/\/marketsandmore.de\/ueber-uns\/","url":"https:\/\/marketsandmore.de\/ueber-uns\/","name":"\u00dcber uns &#187; markets and more","isPartOf":{"@id":"https:\/\/marketsandmore.de\/#website"},"datePublished":"2022-10-19T17:45:00+00:00","dateModified":"2022-11-22T14:08:15+00:00","description":"Als Gesch\u00e4ftsinhaberin von markets and more ist Yvonne Julia Metzger als internationale Interim, Projekt, Regulatory & Medical Affairs Managerin sowie als strategische Beraterin in der Medizintechnik erfolgreich.","breadcrumb":{"@id":"https:\/\/marketsandmore.de\/ueber-uns\/#breadcrumb"},"inLanguage":"en-GB","potentialAction":[{"@type":"ReadAction","target":["https:\/\/marketsandmore.de\/ueber-uns\/"]}]},{"@type":"BreadcrumbList","@id":"https:\/\/marketsandmore.de\/ueber-uns\/#breadcrumb","itemListElement":[{"@type":"ListItem","position":1,"name":"Startseite","item":"https:\/\/marketsandmore.de\/"},{"@type":"ListItem","position":2,"name":"\u00dcber uns"}]},{"@type":"WebSite","@id":"https:\/\/marketsandmore.de\/#website","url":"https:\/\/marketsandmore.de\/","name":"markets and more","description":"","publisher":{"@id":"https:\/\/marketsandmore.de\/#organization"},"potentialAction":[{"@type":"SearchAction","target":{"@type":"EntryPoint","urlTemplate":"https:\/\/marketsandmore.de\/?s={search_term_string}"},"query-input":{"@type":"PropertyValueSpecification","valueRequired":true,"valueName":"search_term_string"}}],"inLanguage":"en-GB"},{"@type":"Organization","@id":"https:\/\/marketsandmore.de\/#organization","name":"marketsandmore","url":"https:\/\/marketsandmore.de\/","logo":{"@type":"ImageObject","inLanguage":"en-GB","@id":"https:\/\/marketsandmore.de\/#\/schema\/logo\/image\/","url":"http:\/\/marketsandmore.de\/wp-content\/uploads\/2022\/10\/marketsandmore.png","contentUrl":"http:\/\/marketsandmore.de\/wp-content\/uploads\/2022\/10\/marketsandmore.png","width":500,"height":226,"caption":"marketsandmore"},"image":{"@id":"https:\/\/marketsandmore.de\/#\/schema\/logo\/image\/"}}]}},"_links":{"self":[{"href":"https:\/\/marketsandmore.de\/en\/wp-json\/wp\/v2\/pages\/663","targetHints":{"allow":["GET"]}}],"collection":[{"href":"https:\/\/marketsandmore.de\/en\/wp-json\/wp\/v2\/pages"}],"about":[{"href":"https:\/\/marketsandmore.de\/en\/wp-json\/wp\/v2\/types\/page"}],"author":[{"embeddable":true,"href":"https:\/\/marketsandmore.de\/en\/wp-json\/wp\/v2\/users\/3"}],"replies":[{"embeddable":true,"href":"https:\/\/marketsandmore.de\/en\/wp-json\/wp\/v2\/comments?post=663"}],"version-history":[{"count":6,"href":"https:\/\/marketsandmore.de\/en\/wp-json\/wp\/v2\/pages\/663\/revisions"}],"predecessor-version":[{"id":856,"href":"https:\/\/marketsandmore.de\/en\/wp-json\/wp\/v2\/pages\/663\/revisions\/856"}],"wp:attachment":[{"href":"https:\/\/marketsandmore.de\/en\/wp-json\/wp\/v2\/media?parent=663"}],"curies":[{"name":"wp","href":"https:\/\/api.w.org\/{rel}","templated":true}]}}