{"id":19,"date":"2021-06-23T17:37:11","date_gmt":"2021-06-23T15:37:11","guid":{"rendered":"http:\/\/marketsandmore.de\/?page_id=19"},"modified":"2023-02-27T11:31:52","modified_gmt":"2023-02-27T10:31:52","slug":"kontakt","status":"publish","type":"page","link":"https:\/\/marketsandmore.de\/en\/kontakt\/","title":{"rendered":"Contact"},"content":{"rendered":"<p>markets and more ist f\u00fcr deutsche, europ\u00e4ische und indische Unternehmen, Verb\u00e4nde und Instiutionen aktiv \u2013 schwerpunktm\u00e4\u00dfig mit Kontakt \u2013 Bonn \u2013 Hamburg \u2013 Mumbai, aber auch an anderen Orten weltweit. Unsere Unternehmenssitze befinden sich in Hamburg und Bonn.<\/p>\n<h4>We look forward to your call, email or mail.<\/h4>\n<p><strong>markets and more<\/strong><br \/>\nYvonne Julia Metzger M.A.<br \/>\nZeiseweg 28<br \/>\n22765 Hamburg<br \/>\nM: 0157 \u2013 35 38 38 96<br \/>\nE: <a href=\"\/en\/&\/#109;a&#x69;l&#x74;o&#x3a;i&#x6e;f&#x6f;&#64;&#x6d;&#97;&#x72;&#107;&#x65;&#116;&#x73;&#97;&#x6e;&#100;&#x6d;&#111;&#x72;&#101;&#46;&#x64;e\" target=\"_blank\" rel=\"noopener\">&#105;&#x6e;f&#111;&#x40;m&#x61;&#x72;&#107;&#x65;t&#115;&#x61;n&#100;&#x6d;&#111;&#x72;e&#46;&#x64;e<\/a><\/p>","protected":false},"excerpt":{"rendered":"<p>markets and more ist f\u00fcr deutsche, europ\u00e4ische und indische Unternehmen, Verb\u00e4nde und Instiutionen aktiv \u2013 schwerpunktm\u00e4\u00dfig mit Kontakt \u2013 Bonn \u2013 Hamburg \u2013 Mumbai, aber auch an anderen Orten weltweit. Unsere Unternehmenssitze befinden sich in Hamburg und Bonn. Wir freuen uns auf Ihren Anruf, Ihre E-Mail oder Ihre Post. markets and more Yvonne Julia Metzger [&hellip;]<\/p>\n","protected":false},"author":3,"featured_media":0,"parent":0,"menu_order":0,"comment_status":"closed","ping_status":"closed","template":"","meta":{"_acf_changed":false,"footnotes":""},"class_list":["post-19","page","type-page","status-publish","hentry"],"acf":[],"yoast_head":"<!-- This site is optimized with the Yoast SEO plugin v27.2 - https:\/\/yoast.com\/product\/yoast-seo-wordpress\/ -->\n<title>Kontakt &#187; markets and more<\/title>\n<meta name=\"description\" content=\"Kontaktieren Sie Markets and more. Wir freuen uns auf Ihren Anruf. Unsere Unternehmenssitze befinden sich in Hamburg und Bonn.\" \/>\n<meta name=\"robots\" content=\"index, follow, max-snippet:-1, max-image-preview:large, max-video-preview:-1\" \/>\n<link rel=\"canonical\" href=\"https:\/\/marketsandmore.de\/en\/kontakt\/\" \/>\n<meta property=\"og:locale\" content=\"en_GB\" \/>\n<meta property=\"og:type\" content=\"article\" \/>\n<meta property=\"og:title\" content=\"Kontakt &#187; markets and more\" \/>\n<meta property=\"og:description\" content=\"Kontaktieren Sie Markets and more. Wir freuen uns auf Ihren Anruf. Unsere Unternehmenssitze befinden sich in Hamburg und Bonn.\" \/>\n<meta property=\"og:url\" content=\"https:\/\/marketsandmore.de\/en\/kontakt\/\" \/>\n<meta property=\"og:site_name\" content=\"markets and more\" \/>\n<meta property=\"article:modified_time\" content=\"2023-02-27T10:31:52+00:00\" \/>\n<meta name=\"twitter:card\" content=\"summary_large_image\" \/>\n<meta name=\"twitter:label1\" content=\"Estimated reading time\" \/>\n\t<meta name=\"twitter:data1\" content=\"1 minute\" \/>\n<script type=\"application\/ld+json\" class=\"yoast-schema-graph\">{\"@context\":\"https:\/\/schema.org\",\"@graph\":[{\"@type\":\"WebPage\",\"@id\":\"https:\/\/marketsandmore.de\/kontakt\/\",\"url\":\"https:\/\/marketsandmore.de\/kontakt\/\",\"name\":\"Kontakt &#187; markets and more\",\"isPartOf\":{\"@id\":\"https:\/\/marketsandmore.de\/#website\"},\"datePublished\":\"2021-06-23T15:37:11+00:00\",\"dateModified\":\"2023-02-27T10:31:52+00:00\",\"description\":\"Kontaktieren Sie Markets and more. Wir freuen uns auf Ihren Anruf. Unsere Unternehmenssitze befinden sich in Hamburg und Bonn.\",\"breadcrumb\":{\"@id\":\"https:\/\/marketsandmore.de\/kontakt\/#breadcrumb\"},\"inLanguage\":\"en-GB\",\"potentialAction\":[{\"@type\":\"ReadAction\",\"target\":[\"https:\/\/marketsandmore.de\/kontakt\/\"]}]},{\"@type\":\"BreadcrumbList\",\"@id\":\"https:\/\/marketsandmore.de\/kontakt\/#breadcrumb\",\"itemListElement\":[{\"@type\":\"ListItem\",\"position\":1,\"name\":\"Startseite\",\"item\":\"https:\/\/marketsandmore.de\/\"},{\"@type\":\"ListItem\",\"position\":2,\"name\":\"Kontakt\"}]},{\"@type\":\"WebSite\",\"@id\":\"https:\/\/marketsandmore.de\/#website\",\"url\":\"https:\/\/marketsandmore.de\/\",\"name\":\"markets and more\",\"description\":\"\",\"publisher\":{\"@id\":\"https:\/\/marketsandmore.de\/#organization\"},\"potentialAction\":[{\"@type\":\"SearchAction\",\"target\":{\"@type\":\"EntryPoint\",\"urlTemplate\":\"https:\/\/marketsandmore.de\/?s={search_term_string}\"},\"query-input\":{\"@type\":\"PropertyValueSpecification\",\"valueRequired\":true,\"valueName\":\"search_term_string\"}}],\"inLanguage\":\"en-GB\"},{\"@type\":\"Organization\",\"@id\":\"https:\/\/marketsandmore.de\/#organization\",\"name\":\"marketsandmore\",\"url\":\"https:\/\/marketsandmore.de\/\",\"logo\":{\"@type\":\"ImageObject\",\"inLanguage\":\"en-GB\",\"@id\":\"https:\/\/marketsandmore.de\/#\/schema\/logo\/image\/\",\"url\":\"http:\/\/marketsandmore.de\/wp-content\/uploads\/2022\/10\/marketsandmore.png\",\"contentUrl\":\"http:\/\/marketsandmore.de\/wp-content\/uploads\/2022\/10\/marketsandmore.png\",\"width\":500,\"height\":226,\"caption\":\"marketsandmore\"},\"image\":{\"@id\":\"https:\/\/marketsandmore.de\/#\/schema\/logo\/image\/\"}}]}<\/script>\n<!-- \/ Yoast SEO plugin. -->","yoast_head_json":{"title":"Kontakt &#187; markets and more","description":"Kontaktieren Sie Markets and more. Wir freuen uns auf Ihren Anruf. Unsere Unternehmenssitze befinden sich in Hamburg und Bonn.","robots":{"index":"index","follow":"follow","max-snippet":"max-snippet:-1","max-image-preview":"max-image-preview:large","max-video-preview":"max-video-preview:-1"},"canonical":"https:\/\/marketsandmore.de\/en\/kontakt\/","og_locale":"en_GB","og_type":"article","og_title":"Kontakt &#187; markets and more","og_description":"Kontaktieren Sie Markets and more. Wir freuen uns auf Ihren Anruf. Unsere Unternehmenssitze befinden sich in Hamburg und Bonn.","og_url":"https:\/\/marketsandmore.de\/en\/kontakt\/","og_site_name":"markets and more","article_modified_time":"2023-02-27T10:31:52+00:00","twitter_card":"summary_large_image","twitter_misc":{"Estimated reading time":"1 minute"},"schema":{"@context":"https:\/\/schema.org","@graph":[{"@type":"WebPage","@id":"https:\/\/marketsandmore.de\/kontakt\/","url":"https:\/\/marketsandmore.de\/kontakt\/","name":"Kontakt &#187; markets and more","isPartOf":{"@id":"https:\/\/marketsandmore.de\/#website"},"datePublished":"2021-06-23T15:37:11+00:00","dateModified":"2023-02-27T10:31:52+00:00","description":"Kontaktieren Sie Markets and more. Wir freuen uns auf Ihren Anruf. Unsere Unternehmenssitze befinden sich in Hamburg und Bonn.","breadcrumb":{"@id":"https:\/\/marketsandmore.de\/kontakt\/#breadcrumb"},"inLanguage":"en-GB","potentialAction":[{"@type":"ReadAction","target":["https:\/\/marketsandmore.de\/kontakt\/"]}]},{"@type":"BreadcrumbList","@id":"https:\/\/marketsandmore.de\/kontakt\/#breadcrumb","itemListElement":[{"@type":"ListItem","position":1,"name":"Startseite","item":"https:\/\/marketsandmore.de\/"},{"@type":"ListItem","position":2,"name":"Kontakt"}]},{"@type":"WebSite","@id":"https:\/\/marketsandmore.de\/#website","url":"https:\/\/marketsandmore.de\/","name":"markets and more","description":"","publisher":{"@id":"https:\/\/marketsandmore.de\/#organization"},"potentialAction":[{"@type":"SearchAction","target":{"@type":"EntryPoint","urlTemplate":"https:\/\/marketsandmore.de\/?s={search_term_string}"},"query-input":{"@type":"PropertyValueSpecification","valueRequired":true,"valueName":"search_term_string"}}],"inLanguage":"en-GB"},{"@type":"Organization","@id":"https:\/\/marketsandmore.de\/#organization","name":"marketsandmore","url":"https:\/\/marketsandmore.de\/","logo":{"@type":"ImageObject","inLanguage":"en-GB","@id":"https:\/\/marketsandmore.de\/#\/schema\/logo\/image\/","url":"http:\/\/marketsandmore.de\/wp-content\/uploads\/2022\/10\/marketsandmore.png","contentUrl":"http:\/\/marketsandmore.de\/wp-content\/uploads\/2022\/10\/marketsandmore.png","width":500,"height":226,"caption":"marketsandmore"},"image":{"@id":"https:\/\/marketsandmore.de\/#\/schema\/logo\/image\/"}}]}},"_links":{"self":[{"href":"https:\/\/marketsandmore.de\/en\/wp-json\/wp\/v2\/pages\/19","targetHints":{"allow":["GET"]}}],"collection":[{"href":"https:\/\/marketsandmore.de\/en\/wp-json\/wp\/v2\/pages"}],"about":[{"href":"https:\/\/marketsandmore.de\/en\/wp-json\/wp\/v2\/types\/page"}],"author":[{"embeddable":true,"href":"https:\/\/marketsandmore.de\/en\/wp-json\/wp\/v2\/users\/3"}],"replies":[{"embeddable":true,"href":"https:\/\/marketsandmore.de\/en\/wp-json\/wp\/v2\/comments?post=19"}],"version-history":[{"count":41,"href":"https:\/\/marketsandmore.de\/en\/wp-json\/wp\/v2\/pages\/19\/revisions"}],"predecessor-version":[{"id":899,"href":"https:\/\/marketsandmore.de\/en\/wp-json\/wp\/v2\/pages\/19\/revisions\/899"}],"wp:attachment":[{"href":"https:\/\/marketsandmore.de\/en\/wp-json\/wp\/v2\/media?parent=19"}],"curies":[{"name":"wp","href":"https:\/\/api.w.org\/{rel}","templated":true}]}}